{"id":35170,"date":"2023-06-29T11:29:39","date_gmt":"2023-06-29T17:29:39","guid":{"rendered":"https:\/\/presto.com.sv\/online\/?page_id=35170"},"modified":"2023-06-29T11:29:39","modified_gmt":"2023-06-29T17:29:39","slug":"seguridad-del-sitio","status":"publish","type":"page","link":"https:\/\/presto.com.sv\/online\/seguridad-del-sitio\/","title":{"rendered":"Seguridad del sitio"},"content":{"rendered":"<p>Proteger cualquier informaci\u00f3n que usted nos proporciona es una prioridad para nosotros.<\/p>\n<p><img fetchpriority=\"high\" decoding=\"async\" class=\"alignnone  wp-image-35171\" src=\"https:\/\/presto.com.sv\/online\/wp-content\/uploads\/2023\/06\/lets-encrypt-logo.png\" alt=\"\" width=\"943\" height=\"218\" srcset=\"https:\/\/presto.com.sv\/online\/wp-content\/uploads\/2023\/06\/lets-encrypt-logo.png 3500w, https:\/\/presto.com.sv\/online\/wp-content\/uploads\/2023\/06\/lets-encrypt-logo-300x69.png 300w, https:\/\/presto.com.sv\/online\/wp-content\/uploads\/2023\/06\/lets-encrypt-logo-1024x237.png 1024w, https:\/\/presto.com.sv\/online\/wp-content\/uploads\/2023\/06\/lets-encrypt-logo-768x178.png 768w, https:\/\/presto.com.sv\/online\/wp-content\/uploads\/2023\/06\/lets-encrypt-logo-1536x355.png 1536w, https:\/\/presto.com.sv\/online\/wp-content\/uploads\/2023\/06\/lets-encrypt-logo-2048x473.png 2048w, https:\/\/presto.com.sv\/online\/wp-content\/uploads\/2023\/06\/lets-encrypt-logo-600x139.png 600w\" sizes=\"(max-width: 943px) 100vw, 943px\" \/><\/p>\n<p>&nbsp;<\/p>\n<p><a href=\"https:\/\/presto.com.sv\/online\/\">https:\/\/presto.com.sv\/online\/<\/a> usa un sistema de seguridad llamado LET\u00b4S ENCRYPT \u00a0para resguardar la informaci\u00f3n de manera encriptada. Esta tecnolog\u00eda es actualmente el est\u00e1ndar para realizar transacciones electr\u00f3nicas seguras, lo que significa que toda tu informaci\u00f3n personal no podr\u00e1 ser le\u00edda ni capturada por terceros mientras esta viaja por la red. Nuestro Certificado SSL te garantiza que <a href=\"https:\/\/presto.com.sv\/online\/\">https:\/\/presto.com.sv\/online\/<\/a> es el \u00fanico que puede leer tu informaci\u00f3n.<\/p>\n<p>El Certificado de Seguridad SSL tiene un nivel de cifrado de 128 bits, equivalente al nivel de cifrado que utilizan los bancos para sus transacciones en Internet, con lo que te aseguramos el m\u00e1ximo nivel de seguridad ofrecido actualmente.<\/p>\n<p>Para tu seguridad y conveniencia contamos tambi\u00e9n con los certificados de validaci\u00f3n de seguridad electr\u00f3nica de PAGADITO, Conocemos de la importancia de mantener tu informaci\u00f3n confidencial, por ello \u00a0<a href=\"https:\/\/presto.com.sv\/online\/\">https:\/\/presto.com.sv\/online\/<\/a> brinda la seguridad que la informaci\u00f3n que t\u00fa nos has confiado.<\/p>\n<p>Ser\u00e1 utilizada \u00fanicamente para responder las consultas acerca de nuestros productos y servicios, para despachar pedidos, enviarte promociones y para poder darte el mejor servicio cuando realices compras con nosotros.<\/p>\n","protected":false},"excerpt":{"rendered":"<p>Proteger cualquier informaci\u00f3n que usted nos proporciona es una prioridad para nosotros. &nbsp; https:\/\/presto.com.sv\/online\/ usa un sistema de seguridad llamado LET\u00b4S ENCRYPT \u00a0para resguardar la informaci\u00f3n de manera encriptada. Esta tecnolog\u00eda es actualmente el est\u00e1ndar para realizar transacciones electr\u00f3nicas seguras, lo que significa que toda tu informaci\u00f3n personal no podr\u00e1 ser le\u00edda ni capturada por&#8230;<\/p>\n","protected":false},"author":2,"featured_media":0,"parent":0,"menu_order":0,"comment_status":"closed","ping_status":"closed","template":"","meta":{"_bst_post_transparent":"","_bst_post_title":"","_bst_post_layout":"","_bst_post_sidebar_id":"","_bst_post_content_style":"","_bst_post_vertical_padding":"","_bst_post_feature":"","_bst_post_feature_position":"","_bst_post_header":false,"_bst_post_footer":false,"footnotes":""},"class_list":["post-35170","page","type-page","status-publish","hentry"],"_links":{"self":[{"href":"https:\/\/presto.com.sv\/online\/wp-json\/wp\/v2\/pages\/35170","targetHints":{"allow":["GET"]}}],"collection":[{"href":"https:\/\/presto.com.sv\/online\/wp-json\/wp\/v2\/pages"}],"about":[{"href":"https:\/\/presto.com.sv\/online\/wp-json\/wp\/v2\/types\/page"}],"author":[{"embeddable":true,"href":"https:\/\/presto.com.sv\/online\/wp-json\/wp\/v2\/users\/2"}],"replies":[{"embeddable":true,"href":"https:\/\/presto.com.sv\/online\/wp-json\/wp\/v2\/comments?post=35170"}],"version-history":[{"count":1,"href":"https:\/\/presto.com.sv\/online\/wp-json\/wp\/v2\/pages\/35170\/revisions"}],"predecessor-version":[{"id":35172,"href":"https:\/\/presto.com.sv\/online\/wp-json\/wp\/v2\/pages\/35170\/revisions\/35172"}],"wp:attachment":[{"href":"https:\/\/presto.com.sv\/online\/wp-json\/wp\/v2\/media?parent=35170"}],"curies":[{"name":"wp","href":"https:\/\/api.w.org\/{rel}","templated":true}]}}