{"id":34957,"date":"2023-06-16T17:53:38","date_gmt":"2023-06-16T23:53:38","guid":{"rendered":"https:\/\/presto.com.sv\/online\/?page_id=34957"},"modified":"2024-11-14T10:21:40","modified_gmt":"2024-11-14T16:21:40","slug":"condiciones-y-restricciones-de-ofertas-promociones","status":"publish","type":"page","link":"https:\/\/presto.com.sv\/online\/condiciones-y-restricciones-de-ofertas-promociones\/","title":{"rendered":"Condiciones y restricciones de ofertas \/ promociones"},"content":{"rendered":"<h2><strong>DESCUENTOS EN TIENDA EN L\u00cdNEA WEB<\/strong><b>:<\/b><\/h2>\n<p>V\u00e1lido Del 15 al 22 de Noviembre<\/p>\n<p><strong>Condiciones y restricciones:<\/strong><\/p>\n<ul>\n<li style=\"list-style-type: none;\">\n<ul>\n<li style=\"list-style-type: none;\">\n<ul>\n<li>Descuentos en joyas del 15% en electrodom\u00e9sticos y joyas marcados con vi\u00f1eta dentro del sitio web<\/li>\n<li>V\u00e1lido \u00fanicamente al comprar en\u00a0<a href=\"https:\/\/presto.com.sv\/online\/\">https:\/\/presto.com.sv\/online\/<\/a><\/li>\n<li>Todos nuestros art\u00edculos y joyas son \u00fanicos<\/li>\n<li>No aplican m\u00ednimo de compra<\/li>\n<li>Precios podr\u00edan variar en salas de ventas<\/li>\n<li>Descuento aplica sobre precio regular<\/li>\n<li>Descuento v\u00e1lido al pagar con tarjeta visa y MasterCard (Pagadito) en plataforma de TIENDA EN\u00a0 L\u00cdNEA y de contado en agencia<\/li>\n<li>En electros Aplica entrega domicilio o contra entrega en agencias Presto, cliente deber\u00e1 pagar el traslado de art\u00edculos<\/li>\n<li>No aplica domicilio en joyas \u00fanicamente traslado agencia Presto m\u00e1s cercana al cliente.<\/li>\n<li>No aplica con otras promociones y\/o descuentos<\/li>\n<li>Descuento programado en canales digitales, aplicado al producto.<\/li>\n<li>Nota: Los descuentos se ver\u00e1n reflejados en\u00a0<a href=\"https:\/\/presto.com.sv\/online\/\">https:\/\/presto.com.sv\/online\/<\/a>\u00a0<strong>y de ser detectados precios incorrectos que perjudiquen el evento se har\u00e1 la correcci\u00f3n inmediata, esto puede afectar tu pedido el cual ser\u00e1 informado el cliente del cambio.\u00a0<\/strong><\/li>\n<li>Consulta m\u00e1s detalles en nuestro call center: 2535-5900<\/li>\n<\/ul>\n<\/li>\n<\/ul>\n<\/li>\n<\/ul>\n","protected":false},"excerpt":{"rendered":"<p>DESCUENTOS EN TIENDA EN L\u00cdNEA WEB: V\u00e1lido Del 15 al 22 de Noviembre Condiciones y restricciones: Descuentos en joyas del 15% en electrodom\u00e9sticos y joyas marcados con vi\u00f1eta dentro del sitio web V\u00e1lido \u00fanicamente al comprar en\u00a0https:\/\/presto.com.sv\/online\/ Todos nuestros art\u00edculos y joyas son \u00fanicos No aplican m\u00ednimo de compra Precios podr\u00edan variar en salas de&#8230;<\/p>\n","protected":false},"author":2,"featured_media":0,"parent":0,"menu_order":0,"comment_status":"closed","ping_status":"closed","template":"","meta":{"_bst_post_transparent":"default","_bst_post_title":"default","_bst_post_layout":"default","_bst_post_sidebar_id":"","_bst_post_content_style":"default","_bst_post_vertical_padding":"default","_bst_post_feature":"","_bst_post_feature_position":"","_bst_post_header":false,"_bst_post_footer":false,"footnotes":""},"class_list":["post-34957","page","type-page","status-publish","hentry"],"_links":{"self":[{"href":"https:\/\/presto.com.sv\/online\/wp-json\/wp\/v2\/pages\/34957","targetHints":{"allow":["GET"]}}],"collection":[{"href":"https:\/\/presto.com.sv\/online\/wp-json\/wp\/v2\/pages"}],"about":[{"href":"https:\/\/presto.com.sv\/online\/wp-json\/wp\/v2\/types\/page"}],"author":[{"embeddable":true,"href":"https:\/\/presto.com.sv\/online\/wp-json\/wp\/v2\/users\/2"}],"replies":[{"embeddable":true,"href":"https:\/\/presto.com.sv\/online\/wp-json\/wp\/v2\/comments?post=34957"}],"version-history":[{"count":5,"href":"https:\/\/presto.com.sv\/online\/wp-json\/wp\/v2\/pages\/34957\/revisions"}],"predecessor-version":[{"id":41617,"href":"https:\/\/presto.com.sv\/online\/wp-json\/wp\/v2\/pages\/34957\/revisions\/41617"}],"wp:attachment":[{"href":"https:\/\/presto.com.sv\/online\/wp-json\/wp\/v2\/media?parent=34957"}],"curies":[{"name":"wp","href":"https:\/\/api.w.org\/{rel}","templated":true}]}}